{"id":201,"date":"2022-02-02T12:05:35","date_gmt":"2022-02-02T11:05:35","guid":{"rendered":"https:\/\/www.terra-natur.it\/home"},"modified":"2022-05-03T19:10:23","modified_gmt":"2022-05-03T17:10:23","slug":"home","status":"publish","type":"page","link":"https:\/\/www.terra-natur.it\/de","title":{"rendered":"Home"},"content":{"rendered":"<p><div class=\"fusion-fullwidth fullwidth-box fusion-builder-row-1 fusion-flex-container nonhundred-percent-fullwidth non-hundred-percent-height-scrolling\" style=\"background-color: #872f2e;background-position: center center;background-repeat: no-repeat;border-width: 0px 0px 0px 0px;border-color:var(--awb-color3);border-style:solid;\" ><div class=\"fusion-builder-row fusion-row fusion-flex-align-items-flex-start\" style=\"max-width:1248px;margin-left: calc(-4% \/ 2 );margin-right: calc(-4% \/ 2 );\"><div class=\"fusion-layout-column fusion_builder_column fusion-builder-column-0 fusion_builder_column_1_1 1_1 fusion-flex-column\"><div class=\"fusion-column-wrapper fusion-flex-justify-content-flex-start fusion-content-layout-column\" style=\"background-position:left top;background-repeat:no-repeat;-webkit-background-size:cover;-moz-background-size:cover;-o-background-size:cover;background-size:cover;padding: 0px 0px 0px 0px;\"><div class=\"fusion-text fusion-text-1\" style=\"font-size:30px;color:#efefef;\"><p style=\"text-align: center;\"><strong>Terra Natur \u2026seit 2002<\/strong><\/p>\n<\/div><div class=\"fusion-text fusion-text-2\" style=\"font-size:20px;color:#efefef;\"><p style=\"text-align: center;\">Fachgesch\u00e4ft f\u00fcr Damen-Naturbekleidung, Unterw\u00e4sche und Accessories.<\/p>\n<p style=\"text-align: center;\">In sch\u00f6ner Atmosph\u00e4re finden Sie bei uns eine Auswahl der aktuellen Kollektionen von:<\/p>\n<p style=\"text-align: center;\">Lanius | Madness | Alma&amp;Lovis |\u00a0Engel | Djian | S.D.B. Venezia | Himalaya | Feuervogl | Guitare | Evoe | Organication | Global Mamas | Kokon Zwo | Casagin | Eve in Paradis<\/p>\n<\/div><\/div><style type=\"text\/css\">.fusion-body .fusion-builder-column-0{width:100% !important;margin-top : 0px;margin-bottom : 0px;}.fusion-builder-column-0 > .fusion-column-wrapper {padding-top : 0px !important;padding-right : 0px !important;margin-right : 1.92%;padding-bottom : 0px !important;padding-left : 0px !important;margin-left : 1.92%;}@media only screen and (max-width:1024px) {.fusion-body .fusion-builder-column-0{width:100% !important;}.fusion-builder-column-0 > .fusion-column-wrapper {margin-right : 1.92%;margin-left : 1.92%;}}@media only screen and (max-width:640px) {.fusion-body .fusion-builder-column-0{width:100% !important;}.fusion-builder-column-0 > .fusion-column-wrapper {margin-right : 1.92%;margin-left : 1.92%;}}<\/style><\/div><\/div><style type=\"text\/css\">.fusion-body .fusion-flex-container.fusion-builder-row-1{ padding-top : 100px;margin-top : 0px;padding-right : 0px;padding-bottom : 100px;margin-bottom : 0px;padding-left : 0px;}<\/style><\/div><div class=\"fusion-fullwidth fullwidth-box fusion-builder-row-2 fusion-flex-container hundred-percent-fullwidth non-hundred-percent-height-scrolling\" style=\"background-color: rgba(255,255,255,0);background-position: center center;background-repeat: no-repeat;border-width: 0px 0px 0px 0px;border-color:var(--awb-color3);border-style:solid;\" ><div class=\"fusion-builder-row fusion-row fusion-flex-align-items-stretch\" style=\"width:104% !important;max-width:104% !important;margin-left: calc(-4% \/ 2 );margin-right: calc(-4% \/ 2 );\"><div class=\"fusion-layout-column fusion_builder_column fusion-builder-column-1 fusion_builder_column_1_3 1_3 fusion-flex-column\"><div class=\"fusion-column-wrapper fusion-flex-justify-content-flex-start fusion-content-layout-column fusion-empty-column-bg-image\" style=\"background-image: url(&#039;https:\/\/www.terra-natur.it\/wp-content\/uploads\/box-home-vendita-abbigliamento-merano-abiti-uomo-donna-bio-in-fibre-naturali-cotone-biologico-canapa-lino-ramie-seta-lana-merinos-alto-adige-terra-engle-helene2-scaled.jpg&#039;);background-position:center top;background-repeat:no-repeat;-webkit-background-size:cover;-moz-background-size:cover;-o-background-size:cover;background-size:cover;padding: 0px 0px 0px 0px;\" data-bg-url=\"https:\/\/www.terra-natur.it\/wp-content\/uploads\/box-home-vendita-abbigliamento-merano-abiti-uomo-donna-bio-in-fibre-naturali-cotone-biologico-canapa-lino-ramie-seta-lana-merinos-alto-adige-terra-engle-helene2-scaled.jpg\"><img decoding=\"async\" class=\"fusion-empty-dims-img-placeholder fusion-no-large-visibility fusion-no-medium-visibility\" src=\"data:image\/svg+xml,%3Csvg%20xmlns%3D%27http%3A%2F%2Fwww.w3.org%2F2000%2Fsvg%27%20width%3D%271920%27%20height%3D%272560%27%20viewBox%3D%270%200%201920%202560%27%3E%3Crect%20width%3D%271920%27%20height%3D%272560%27%20fill-opacity%3D%220%22%2F%3E%3C%2Fsvg%3E\"><\/div><style type=\"text\/css\">.fusion-body .fusion-builder-column-1{width:33.333333333333% !important;margin-top : 0px;margin-bottom : 0px;}.fusion-builder-column-1 > .fusion-column-wrapper {padding-top : 0px !important;padding-right : 0px !important;margin-right : 0px;padding-bottom : 0px !important;padding-left : 0px !important;margin-left : 0px;}@media only screen and (max-width:1024px) {.fusion-body .fusion-builder-column-1{width:33.333333333333% !important;order : 0;}.fusion-builder-column-1 > .fusion-column-wrapper {margin-right : 0px;margin-left : 0px;}}@media only screen and (max-width:640px) {.fusion-body .fusion-builder-column-1{width:100% !important;order : 0;}.fusion-builder-column-1 > .fusion-column-wrapper {margin-right : 1.92%;margin-left : 1.92%;}}<\/style><\/div><div class=\"fusion-layout-column fusion_builder_column fusion-builder-column-2 fusion_builder_column_1_3 1_3 fusion-flex-column fusion-flex-align-self-center h-elenco-ket-box\"><div class=\"fusion-column-wrapper fusion-flex-justify-content-space-evenly fusion-content-layout-column\" style=\"background-position:left top;background-repeat:no-repeat;-webkit-background-size:cover;-moz-background-size:cover;-o-background-size:cover;background-size:cover;background-color:#08481a;padding: 150px 20px 150px 20px;\"><div class=\"fusion-text fusion-text-3\" style=\"font-size:18px;color:#ffffff;\"><p style=\"text-align: center;\"><em><strong>Terra Natur<br \/>\nMeran<br \/>\n<\/strong><\/em><\/p>\n<\/div><div class=\"fusion-text fusion-text-4\" style=\"font-size:22px;color:#ffffff;\"><p style=\"text-align: center;\"><strong>NUR DAS, WAS IHNEN EIN GUTES GEF\u00dcHL GIBT<\/strong><\/p>\n<\/div><div class=\"fusion-text fusion-text-5\" style=\"font-size:16px;color:var(--awb-color1);\"><p style=\"text-align: center;\"><strong>ATMUNGSAKTIV | LEICHT | FLEXIBEL | NACHHALTIG<\/strong><\/p>\n<\/div><\/div><style type=\"text\/css\">.fusion-body .fusion-builder-column-2{width:33.333333333333% !important;margin-top : 0px;margin-bottom : 0px;}.fusion-builder-column-2 > .fusion-column-wrapper {padding-top : 150px !important;padding-right : 20px !important;margin-right : 0px;padding-bottom : 150px !important;padding-left : 20px !important;margin-left : 0px;}@media only screen and (max-width:1024px) {.fusion-body .fusion-builder-column-2{width:33.333333333333% !important;order : 0;}.fusion-builder-column-2 > .fusion-column-wrapper {margin-right : 0px;margin-left : 0px;}}@media only screen and (max-width:640px) {.fusion-body .fusion-builder-column-2{width:100% !important;order : 0;}.fusion-builder-column-2 > .fusion-column-wrapper {margin-right : 1.92%;margin-left : 1.92%;}}<\/style><\/div><div class=\"fusion-layout-column fusion_builder_column fusion-builder-column-3 fusion_builder_column_1_3 1_3 fusion-flex-column\"><div class=\"fusion-column-wrapper fusion-flex-justify-content-flex-start fusion-content-layout-column fusion-empty-column-bg-image\" style=\"background-image: url(&#039;https:\/\/www.terra-natur.it\/wp-content\/uploads\/box-home-vendita-abbigliamento-merano-abiti-uomo-donna-bio-in-fibre-naturali-cotone-biologico-canapa-lino-ramie-seta-lana-merinos-alto-adige-terra-engle-helene-scaled.jpg&#039;);background-position:center top;background-repeat:no-repeat;-webkit-background-size:cover;-moz-background-size:cover;-o-background-size:cover;background-size:cover;padding: 0px 0px 0px 0px;\" data-bg-url=\"https:\/\/www.terra-natur.it\/wp-content\/uploads\/box-home-vendita-abbigliamento-merano-abiti-uomo-donna-bio-in-fibre-naturali-cotone-biologico-canapa-lino-ramie-seta-lana-merinos-alto-adige-terra-engle-helene-scaled.jpg\"><img decoding=\"async\" class=\"fusion-empty-dims-img-placeholder fusion-no-large-visibility fusion-no-medium-visibility\" src=\"data:image\/svg+xml,%3Csvg%20xmlns%3D%27http%3A%2F%2Fwww.w3.org%2F2000%2Fsvg%27%20width%3D%271920%27%20height%3D%272560%27%20viewBox%3D%270%200%201920%202560%27%3E%3Crect%20width%3D%271920%27%20height%3D%272560%27%20fill-opacity%3D%220%22%2F%3E%3C%2Fsvg%3E\"><\/div><style type=\"text\/css\">.fusion-body .fusion-builder-column-3{width:33.333333333333% !important;margin-top : 0px;margin-bottom : 0px;}.fusion-builder-column-3 > .fusion-column-wrapper {padding-top : 0px !important;padding-right : 0px !important;margin-right : 0px;padding-bottom : 0px !important;padding-left : 0px !important;margin-left : 0px;}@media only screen and (max-width:1024px) {.fusion-body .fusion-builder-column-3{width:33.333333333333% !important;order : 0;}.fusion-builder-column-3 > .fusion-column-wrapper {margin-right : 0px;margin-left : 0px;}}@media only screen and (max-width:640px) {.fusion-body .fusion-builder-column-3{width:100% !important;order : 0;}.fusion-builder-column-3 > .fusion-column-wrapper {margin-right : 1.92%;margin-left : 1.92%;}}<\/style><\/div><\/div><style type=\"text\/css\">.fusion-body .fusion-flex-container.fusion-builder-row-2{ padding-top : 0px;margin-top : 0px;padding-right : 0px;padding-bottom : 0px;margin-bottom : 0px;padding-left : 0px;}<\/style><\/div><\/p>\n","protected":false},"excerpt":{"rendered":"","protected":false},"author":1,"featured_media":0,"parent":0,"menu_order":0,"comment_status":"closed","ping_status":"closed","template":"100-width.php","meta":{"footnotes":""},"yoast_head":"<!-- This site is optimized with the Yoast SEO plugin v19.9 - https:\/\/yoast.com\/wordpress\/plugins\/seo\/ -->\n<title>Damenbekleidung und Unterw\u00e4sche aus Naturfasern - bio Terra Natur Meran<\/title>\n<meta name=\"robots\" content=\"index, follow, max-snippet:-1, max-image-preview:large, max-video-preview:-1\" \/>\n<link rel=\"canonical\" href=\"https:\/\/www.terra-natur.it\/de\" \/>\n<meta property=\"og:locale\" content=\"de_DE\" \/>\n<meta property=\"og:type\" content=\"article\" \/>\n<meta property=\"og:title\" content=\"Damenbekleidung und Unterw\u00e4sche aus Naturfasern - bio Terra Natur Meran\" \/>\n<meta property=\"og:url\" content=\"https:\/\/www.terra-natur.it\/de\" \/>\n<meta property=\"og:site_name\" content=\"Terra Natur\" \/>\n<meta property=\"article:modified_time\" content=\"2022-05-03T17:10:23+00:00\" \/>\n<meta name=\"twitter:card\" content=\"summary_large_image\" \/>\n<meta name=\"twitter:label1\" content=\"Gesch\u00e4tzte Lesezeit\" \/>\n\t<meta name=\"twitter:data1\" content=\"10\u00a0Minuten\" \/>\n<script type=\"application\/ld+json\" class=\"yoast-schema-graph\">{\"@context\":\"https:\/\/schema.org\",\"@graph\":[{\"@type\":\"WebPage\",\"@id\":\"https:\/\/www.terra-natur.it\/de\",\"url\":\"https:\/\/www.terra-natur.it\/de\",\"name\":\"Damenbekleidung und Unterw\u00e4sche aus Naturfasern - bio Terra Natur Meran\",\"isPartOf\":{\"@id\":\"https:\/\/www.terra-natur.it\/de#website\"},\"datePublished\":\"2022-02-02T11:05:35+00:00\",\"dateModified\":\"2022-05-03T17:10:23+00:00\",\"breadcrumb\":{\"@id\":\"https:\/\/www.terra-natur.it\/de#breadcrumb\"},\"inLanguage\":\"de\",\"potentialAction\":[{\"@type\":\"ReadAction\",\"target\":[\"https:\/\/www.terra-natur.it\/de\"]}]},{\"@type\":\"BreadcrumbList\",\"@id\":\"https:\/\/www.terra-natur.it\/de#breadcrumb\",\"itemListElement\":[{\"@type\":\"ListItem\",\"position\":1,\"name\":\"Home\",\"item\":\"https:\/\/www.terra-natur.it\/de\"},{\"@type\":\"ListItem\",\"position\":2,\"name\":\"Home\"}]},{\"@type\":\"WebSite\",\"@id\":\"https:\/\/www.terra-natur.it\/de#website\",\"url\":\"https:\/\/www.terra-natur.it\/de\",\"name\":\"Terra Natur\",\"description\":\"\",\"potentialAction\":[{\"@type\":\"SearchAction\",\"target\":{\"@type\":\"EntryPoint\",\"urlTemplate\":\"https:\/\/www.terra-natur.it\/de?s={search_term_string}\"},\"query-input\":\"required name=search_term_string\"}],\"inLanguage\":\"de\"}]}<\/script>\n<!-- \/ Yoast SEO plugin. -->","yoast_head_json":{"title":"Damenbekleidung und Unterw\u00e4sche aus Naturfasern - bio Terra Natur Meran","robots":{"index":"index","follow":"follow","max-snippet":"max-snippet:-1","max-image-preview":"max-image-preview:large","max-video-preview":"max-video-preview:-1"},"canonical":"https:\/\/www.terra-natur.it\/de","og_locale":"de_DE","og_type":"article","og_title":"Damenbekleidung und Unterw\u00e4sche aus Naturfasern - bio Terra Natur Meran","og_url":"https:\/\/www.terra-natur.it\/de","og_site_name":"Terra Natur","article_modified_time":"2022-05-03T17:10:23+00:00","twitter_card":"summary_large_image","twitter_misc":{"Gesch\u00e4tzte Lesezeit":"10\u00a0Minuten"},"schema":{"@context":"https:\/\/schema.org","@graph":[{"@type":"WebPage","@id":"https:\/\/www.terra-natur.it\/de","url":"https:\/\/www.terra-natur.it\/de","name":"Damenbekleidung und Unterw\u00e4sche aus Naturfasern - bio Terra Natur Meran","isPartOf":{"@id":"https:\/\/www.terra-natur.it\/de#website"},"datePublished":"2022-02-02T11:05:35+00:00","dateModified":"2022-05-03T17:10:23+00:00","breadcrumb":{"@id":"https:\/\/www.terra-natur.it\/de#breadcrumb"},"inLanguage":"de","potentialAction":[{"@type":"ReadAction","target":["https:\/\/www.terra-natur.it\/de"]}]},{"@type":"BreadcrumbList","@id":"https:\/\/www.terra-natur.it\/de#breadcrumb","itemListElement":[{"@type":"ListItem","position":1,"name":"Home","item":"https:\/\/www.terra-natur.it\/de"},{"@type":"ListItem","position":2,"name":"Home"}]},{"@type":"WebSite","@id":"https:\/\/www.terra-natur.it\/de#website","url":"https:\/\/www.terra-natur.it\/de","name":"Terra Natur","description":"","potentialAction":[{"@type":"SearchAction","target":{"@type":"EntryPoint","urlTemplate":"https:\/\/www.terra-natur.it\/de?s={search_term_string}"},"query-input":"required name=search_term_string"}],"inLanguage":"de"}]}},"_links":{"self":[{"href":"https:\/\/www.terra-natur.it\/de\/wp-json\/wp\/v2\/pages\/201"}],"collection":[{"href":"https:\/\/www.terra-natur.it\/de\/wp-json\/wp\/v2\/pages"}],"about":[{"href":"https:\/\/www.terra-natur.it\/de\/wp-json\/wp\/v2\/types\/page"}],"author":[{"embeddable":true,"href":"https:\/\/www.terra-natur.it\/de\/wp-json\/wp\/v2\/users\/1"}],"replies":[{"embeddable":true,"href":"https:\/\/www.terra-natur.it\/de\/wp-json\/wp\/v2\/comments?post=201"}],"version-history":[{"count":3,"href":"https:\/\/www.terra-natur.it\/de\/wp-json\/wp\/v2\/pages\/201\/revisions"}],"predecessor-version":[{"id":203,"href":"https:\/\/www.terra-natur.it\/de\/wp-json\/wp\/v2\/pages\/201\/revisions\/203"}],"wp:attachment":[{"href":"https:\/\/www.terra-natur.it\/de\/wp-json\/wp\/v2\/media?parent=201"}],"curies":[{"name":"wp","href":"https:\/\/api.w.org\/{rel}","templated":true}]}}